{"id":1103,"date":"2017-12-17T14:59:04","date_gmt":"2017-12-17T14:59:04","guid":{"rendered":"http:\/\/www.bilo.it\/?page_id=1103"},"modified":"2017-12-17T14:59:04","modified_gmt":"2017-12-17T14:59:04","slug":"interviste","status":"publish","type":"page","link":"http:\/\/bilo.it\/?page_id=1103","title":{"rendered":"Interviste"},"content":{"rendered":"<p>Intervista &#8211; Ritratto d&#8217;Artista: Giovanni Bilo<\/p>\n<p>D\u00a0\u00a0\u00a0\u00a0\u00a0 Come ti definisci?<br \/>\nR:\u00a0\u00a0\u00a0\u00a0 Mi definisco un pittore introspettivo.<\/p>\n<p>D:\u00a0\u00a0\u00a0\u00a0 Qual \u00e8 il tuo messaggio?<br \/>\nR:\u00a0\u00a0\u00a0\u00a0 E\u2019 trasmettere gioia di vivere; le mie linee avvolgenti esprimono quasi un abbraccio universale.<\/p>\n<p>D: \u00a0\u00a0 Racconta come ti sei avvicinato all\u2019arte.<br \/>\nR:\u00a0\u00a0\u00a0 Dopo il regalo che ha fatto sorgere in me l\u2019esigenza di manifestare le mie sensazioni, mi sono sempre chiesto come sia possibile che un semplice dono possa aver influenzato il corso di una vita.<\/p>\n<p>D: \u00a0\u00a0 Come nasce un&#8217;idea? Che cos&#8217;\u00e8 per te l&#8217;ispirazione?<br \/>\nR:\u00a0\u00a0\u00a0 Un\u2019idea pu\u00f2 nascere dopo l\u2019elaborazione di una sensazione o casualmente; nel secondo caso l\u2019elaborazione diventa pi\u00f9 affascinante, perch\u00e9 quello che va oltre lo sguardo, mi fa provare emozioni che altri non percepiscono.<br \/>\nL\u2019ispirazione pu\u00f2 essere determinata da un\u2019emozione cos\u00ec intensa tale da stimolare l\u2019elaborazione artistica di un pensiero.<\/p>\n<p>D: \u00a0\u00a0 Che cos&#8217;\u00e8 l&#8217;arte?<br \/>\nR:\u00a0\u00a0\u00a0 Il filosofo Dino Formaggio, padre dell\u2019Estetica fenomenologica italiana, dichiarava che l\u2019arte \u00e8 tutto quello che l\u2019uomo ha considerato arte. Personalmente credo che essa sia la maniera di elaborare interiormente una realt\u00e0 che altri non vedono.<\/p>\n<p>D: \u00a0\u00a0 In che circostanze ti vengono le migliori idee?<br \/>\nR:\u00a0\u00a0\u00a0 Forse nelle circostanze della vita che sono emotivamente pi\u00f9 complesse, perch\u00e9 impegnano di pi\u00f9 il subconscio.<\/p>\n<p>D:\u00a0\u00a0\u00a0 Come capisci se per te un&#8217;idea \u00e8 valida o no?<br \/>\nR:\u00a0\u00a0\u00a0 Solo dopo averla realizzata.<\/p>\n<p>D:\u00a0\u00a0\u00a0 Quando e come hai iniziato a vederti come un&#8217;artista?<br \/>\nR:\u00a0\u00a0\u00a0 Non mi vedo come un artista, sono una persona che esprime se stesso anche tramite la pittura e senza etichette. Per poter fare tranquillamente questo lavoro, bisogna essere molto equilibrati, perch\u00e9 da facilmente alla testa.<\/p>\n<p>D:\u00a0\u00a0\u00a0 Ti consideri postmoderno (artista degli anni Ottanta del Novecento, che tende all&#8217;impiego, in una stessa opera, di forme estetiche diverse, recuperate dal passato)?<br \/>\nR:\u00a0\u00a0\u00a0 Rispetto a come \u00e8 considerata un\u2019opera d\u2019arte oggi, si!<br \/>\nLa realt\u00e0 dell\u2019arte attuale \u00e8 cos\u00ec mutevole, i suoi schemi cos\u00ec trasmigranti, che \u00e8 molto facile essere superati.<\/p>\n<p>D:\u00a0\u00a0\u00a0 Che artisti ammiri e in che modo hanno influenzato le tue opere?<br \/>\nR:\u00a0\u00a0\u00a0 In prevalenza gli artisti del 900 a iniziare da Picasso. Egli che ha determinato il corso creativo del secolo passato, diceva: \u201cHo impiegato 20 anni per dipingere come un maestro e non mi \u00e8 bastata una vita per dipingere come un bambino\u201d.<\/p>\n<p>D:\u00a0\u00a0\u00a0 Quale tra le tue esperienze \u00e8 la tua preferita?<br \/>\nR:\u00a0\u00a0\u00a0 I viaggi legati anche ad esposizioni, che mi hanno fatto conoscere un\u2019umanit\u00e0 molto variegata ed affascinante.<\/p>\n<p>D:\u00a0\u00a0\u00a0 L&#8217;arte autentica \u00e8 l&#8217;arte necessaria?<br \/>\nR:\u00a0\u00a0\u00a0 L\u2019arte \u00e8 quasi un bisogno di vivere. Oggi, a maggior ragione, dovrebbe indicare dei punti di riferimento ad un mondo caratterizzato quasi esclusivamente dalla transitoriet\u00e0. Regalerebbe cos\u00ec all\u2019uomo la capacit\u00e0 di adoperare il \u201cterzo occhio\u201d (esso \u00e8 il presupposto dell&#8217;\u201dintuito\u201d e della\u00a0 \u201cconsapevolezza\u201d e fa parte della sfera irrazionale dell&#8217;uomo).<\/p>\n<p>D:\u00a0\u00a0\u00a0 Si compra l&#8217;opera, o si compra piuttosto l&#8217;artista?<br \/>\nR:\u00a0\u00a0\u00a0 Personalmente mi orienterei per comprare l\u2019opera, chi la compra per il nome dell\u2019artista, non le da nessun valore.<\/p>\n<p>D:\u00a0\u00a0\u00a0 Nell&#8217;arte non ci sono guide, come sai qual \u00e8 la cosa successiva che devi fare?<br \/>\nR:\u00a0\u00a0\u00a0 Mi affido all\u2019istinto.<\/p>\n<p>D:\u00a0\u00a0\u00a0 Quanto le tue esperienze ti hanno influenzato e in che modo si ritrovano nelle tue opere?<br \/>\nR:\u00a0\u00a0\u00a0 Per chi mi conosce, le mie opere sono il percorso cromatico della mia vita, perch\u00e9 ho un rapporto epidermico con la pittura.<\/p>\n<p>SEGNI E SOGNI<strong> \u00a0\u00a0<\/strong>di Daniela Sandoni<\/p>\n<p>Uno straordinario scorrere di idee, visioni. sensazioni e fantasie. La pittura di\u00a0 Giovanni Bilo allude ad una visione reale, ma \u00e8 un apparire e scomparire, un suggestionare la realt\u00e0 quale egli sente, subisce ed in cui crede.\u00a0 Il colore ha la sua preminenza e la linea ne \u00e8 soffocata, ma il pennello traduce sentieri che la mente percorre con il piacere dell&#8217;abbandono e del sogno.\u00a0 Tempi sospesi in una allucinazione senza\u00a0 tempo che sembra di sentirlo scorrere dall&#8217;antico al recente presente nel moderno, in un movimento di colori che aprono ad ogni possibile stimolazione, dalla frammentazione dei luoghi alla poesia dei tramonti.<\/p>\n<p>Giorgio Falossi<\/p>\n<p>Curatore e critico de IL QUADRATO &#8211; Pittori e Scultori contemporanei<\/p>\n","protected":false},"excerpt":{"rendered":"<p>Intervista &#8211; Ritratto d&#8217;Artista: Giovanni Bilo D\u00a0\u00a0\u00a0\u00a0\u00a0 Come ti definisci? R:\u00a0\u00a0\u00a0\u00a0 Mi definisco un pittore introspettivo. D:\u00a0\u00a0\u00a0\u00a0 Qual \u00e8 il tuo messaggio? R:\u00a0\u00a0\u00a0\u00a0 E\u2019 trasmettere gioia di vivere; le mie linee avvolgenti esprimono quasi un abbraccio universale. D: \u00a0\u00a0 Racconta come ti sei avvicinato all\u2019arte. R:\u00a0\u00a0\u00a0 Dopo il regalo che ha fatto sorgere in me&#8230;<\/p>\n","protected":false},"author":311,"featured_media":0,"parent":0,"menu_order":0,"comment_status":"closed","ping_status":"closed","template":"","meta":{"_monsterinsights_skip_tracking":false,"_monsterinsights_sitenote_active":false,"_monsterinsights_sitenote_note":"","_monsterinsights_sitenote_category":0,"footnotes":""},"class_list":["post-1103","page","type-page","status-publish","hentry"],"_links":{"self":[{"href":"http:\/\/bilo.it\/index.php?rest_route=\/wp\/v2\/pages\/1103","targetHints":{"allow":["GET"]}}],"collection":[{"href":"http:\/\/bilo.it\/index.php?rest_route=\/wp\/v2\/pages"}],"about":[{"href":"http:\/\/bilo.it\/index.php?rest_route=\/wp\/v2\/types\/page"}],"author":[{"embeddable":true,"href":"http:\/\/bilo.it\/index.php?rest_route=\/wp\/v2\/users\/311"}],"replies":[{"embeddable":true,"href":"http:\/\/bilo.it\/index.php?rest_route=%2Fwp%2Fv2%2Fcomments&post=1103"}],"version-history":[{"count":0,"href":"http:\/\/bilo.it\/index.php?rest_route=\/wp\/v2\/pages\/1103\/revisions"}],"wp:attachment":[{"href":"http:\/\/bilo.it\/index.php?rest_route=%2Fwp%2Fv2%2Fmedia&parent=1103"}],"curies":[{"name":"wp","href":"https:\/\/api.w.org\/{rel}","templated":true}]}}